{"id":851,"date":"2014-07-30T19:55:11","date_gmt":"2014-07-30T17:55:11","guid":{"rendered":"http:\/\/eret-tortechnik.de\/wordpress_2020\/?page_id=851"},"modified":"2021-03-04T12:33:58","modified_gmt":"2021-03-04T10:33:58","slug":"schleusentore","status":"publish","type":"page","link":"https:\/\/eret-tortechnik.de\/en\/anwendungsgebiete_schnelllauftore\/schleusentore\/","title":{"rendered":"Schleusentore"},"content":{"rendered":"<p>[et_pb_section admin_label=&#8220;section&#8220;]<br \/>\n\t\t\t[et_pb_row admin_label=&#8220;row&#8220;]<br \/>\n\t\t\t\t[et_pb_column type=&#8220;4_4&#8243;][et_pb_text admin_label=&#8220;Text&#8220;]<\/p>\n<h1><span style=\"color: #000000;\"><span class=\"Apple-style-span\" style=\"font-size: 13px; font-weight: normal;\">\u00a0<\/span>Schnelllauftor \u00a0&#8211; \u00a0Schleusen<\/span><\/h1>\n<div id=\"attachment_1677\" style=\"width: 286px\" class=\"wp-caption alignleft\"><a href=\"http:\/\/eret-tortechnik.de\/wp-content\/uploads\/2014\/11\/IMG_1627-Bearbeitet.jpg\"><img loading=\"lazy\" decoding=\"async\" aria-describedby=\"caption-attachment-1677\" class=\"size-medium wp-image-1677\" src=\"http:\/\/eret-tortechnik.de\/wp-content\/uploads\/2014\/11\/IMG_1627-Bearbeitet-276x300.jpg\" alt=\"PSE-M Aluminium-Ausf\u00fchrung, in der Lebensmittelproduktion\" width=\"276\" height=\"300\" srcset=\"https:\/\/eret-tortechnik.de\/wp-content\/uploads\/2014\/11\/IMG_1627-Bearbeitet-276x300.jpg 276w, https:\/\/eret-tortechnik.de\/wp-content\/uploads\/2014\/11\/IMG_1627-Bearbeitet.jpg 737w\" sizes=\"(max-width: 276px) 100vw, 276px\" \/><\/a><p id=\"caption-attachment-1677\" class=\"wp-caption-text\">PSE-M Aluminium-Ausf\u00fchrung, in der Lebensmittelproduktion<\/p><\/div>\n<p>Bei Anordnung von Schnelllauftoren als Schleusen stehen im Wesentlichen 2 verschiedene Arbeitsweisen zur Verf\u00fcgung:<\/p>\n<ul>\n<li>Gegenseitige Verriegelung: Dies ist die einfache Variante. Nur bedingt f\u00fcr Fahrzeug und Personenverkehr geeignet. Anwendung findet die Verriegelung meist nur bei sog. Materialschleusen. Durch eine \u00d6ffnung wird Material in der Schleuse abgestellt, durch die andere \u00d6ffnung wird es entnommen. Es soll lediglich sichergestellt sein, da\u00df niemals beide Tore gleichzeitig ge\u00f6ffnet sind. Es werden also lediglich 2 Schnelllauftore gegenseitig verriegelt. Das \u00d6ffnen des einen Tores verhindert, da\u00df ein anderes Tor ge\u00f6ffnet werden kann. Die Ausl\u00f6sung des anderen Tores erfolgt manuell.<\/li>\n<li>Schleusensteuerung: F\u00fcr Fahrzeug und Personendurchgang. Zun\u00e4chst wird durch das \u00d6ffnen des einen Tores das andere Tor blockiert. Nach Schlie\u00dfen des ersten Tores wird automatisch ein \u00d6ffnungsimpuls an das andere Tor gegeben und das Fahrzeug\/die Person kann die Schleuse ohne weitere Aktion verlassen. Schleusensteuerungen funktionieren sowohl im Einbahn-Verkehr als auch in wechselnder Verkehrsrichtung.<\/li>\n<\/ul>\n<div>Sofern die Anordnung der Schleusen-Tore einen geschlossenen Tunnel ergibt und die Schleuse von Personen benutzt \u00a0wird, ist zwingend eine Fluchtm\u00f6glichkeit vorzusehen. Dies kann entweder dadurch erfolgen, da\u00df eines der beiden Tore als sog. Fluchtwegtor ausgestattet ist, oder da\u00df eine Fluchtt\u00fcre unabh\u00e4ngig von den Toren angebracht wird.<\/div>\n<p>In einer Schleuse k\u00f6nnen alle Bauformen von Schnelllauftoren eingesetzt werden. Auch eine Kombination aus Alu-Schnelllauftor ASE als Au\u00dfenabschluss und ein Innen-Schnelllauftor PSE\u00a0\u00a0ist vorstellbar bzw. \u00fcblich.<\/p>\n<p>F\u00fcr den Automatikbetrieb k\u00f6nnen alle g\u00e4ngigen Impulsgeber wie Bewegungsmelder, Induktionschleifen, Zugseilschalter usw. angeschlossen werden.<\/p>\n<p>Da die Toranlagen zumeist selbstt\u00e4tig zulaufen, empfiehlt sich der Einsatz einer Raum\u00fcberwachung als Personen- und Sachschutz.<\/p>\n<p>Auf Wunsch stehen zahlreiche Zusatzausstattungen zur Verf\u00fcgung. So k\u00f6nnen die Tore genau an die jeweiligen Gegebenheiten angepasst werden.<\/p>\n<h2>Details im \u00dcberblick:<\/h2>\n<p><img loading=\"lazy\" decoding=\"async\" class=\"alignleft wp-image-701\" src=\"http:\/\/eret-tortechnik.de\/wp-content\/uploads\/2014\/06\/IMG_8501-2.jpg\" alt=\"IMG_8501-2\" width=\"392\" height=\"261\" srcset=\"https:\/\/eret-tortechnik.de\/wp-content\/uploads\/2014\/06\/IMG_8501-2.jpg 800w, https:\/\/eret-tortechnik.de\/wp-content\/uploads\/2014\/06\/IMG_8501-2-300x199.jpg 300w\" sizes=\"(max-width: 392px) 100vw, 392px\" \/><\/p>\n<table>\n<tbody>\n<tr>\n<td>Laufgeschwindigkeit (\u00d6ffnen)<\/td>\n<td>0,5-2,5 Meter pro Sekunde<\/td>\n<\/tr>\n<tr>\n<td>Laufgeschwindigkeit (Schlie\u00dfen)<\/td>\n<td style=\"text-align: center;\">0,8 Meter pro Sekunde<\/td>\n<\/tr>\n<tr>\n<td>Freitragende Torkonstruktion. Nicht h\u00e4ngend.<\/td>\n<td><\/td>\n<\/tr>\n<tr>\n<td>Lichtgitter als Absicherung bis H 2500 mm<\/td>\n<td><\/td>\n<\/tr>\n<tr>\n<td>Sichtfenster auf voller Torbreite<\/td>\n<td><\/td>\n<\/tr>\n<tr>\n<td>Torbehang lieferbar in diversen Farben oder bedruckt<\/td>\n<td><\/td>\n<\/tr>\n<tr>\n<td>Gegenseitige Verriegelung von 2 Toren<\/td>\n<td><\/td>\n<\/tr>\n<tr>\n<td>Schleusenfunktion automatisch mit Weitergabe-Impuls<\/td>\n<td><\/td>\n<\/tr>\n<tr>\n<td>Sturm-Rollen bei Au\u00dfentoren<\/td>\n<td><\/td>\n<\/tr>\n<tr>\n<td>Erf\u00fcllt die strengen Normen nach EN 13241-1 und Windlast Klasse 3<\/td>\n<td><\/td>\n<\/tr>\n<tr>\n<td>Raum\u00fcberwachung als Personen u. Sachschutz<\/td>\n<td style=\"text-align: center;\">optional<\/td>\n<\/tr>\n<tr>\n<td>Kontaktleiste mit Funk\u00fcbertragung, ohne Spiralkabel<\/td>\n<td style=\"text-align: center;\">optional<\/td>\n<\/tr>\n<tr>\n<td>Federkraft-Anti-Crash<\/td>\n<td style=\"text-align: center;\">optional<\/td>\n<\/tr>\n<tr>\n<td>Schleusen-Tunel aus flexiblem Tormaterial oder Iso-Paneel<\/td>\n<td style=\"text-align: center;\">optional<\/td>\n<\/tr>\n<\/tbody>\n<\/table>\n<h6 style=\"text-align: center;\"><\/h6>\n<p>[\/et_pb_text][\/et_pb_column]<br \/>\n\t\t\t[\/et_pb_row]<br \/>\n\t\t[\/et_pb_section]<\/p>\n","protected":false},"excerpt":{"rendered":"<p>\u00a0Schnelllauftor \u00a0&#8211; \u00a0Schleusen Bei Anordnung von Schnelllauftoren als Schleusen stehen im Wesentlichen 2 verschiedene Arbeitsweisen zur Verf\u00fcgung: Gegenseitige Verriegelung: Dies ist die einfache Variante. Nur bedingt f\u00fcr Fahrzeug und Personenverkehr geeignet. Anwendung findet die Verriegelung meist nur bei sog. Materialschleusen. Durch eine \u00d6ffnung wird Material in der Schleuse abgestellt, durch die andere \u00d6ffnung wird es [&hellip;]<\/p>\n","protected":false},"author":2,"featured_media":0,"parent":825,"menu_order":0,"comment_status":"closed","ping_status":"closed","template":"","meta":{"_acf_changed":false,"_et_pb_use_builder":"on","_et_pb_old_content":"<h1><span style=\"color: #000000;\"><span class=\"Apple-style-span\" style=\"font-size: 13px; font-weight: normal;\">\u00a0<\/span>Schnelllauftor \u00a0- \u00a0Schleusen<\/span><\/h1>\r\n[caption id=\"attachment_1677\" align=\"alignleft\" width=\"276\"]<a href=\"http:\/\/eret-tortechnik.de\/wp-content\/uploads\/2014\/11\/IMG_1627-Bearbeitet.jpg\"><img class=\"size-medium wp-image-1677\" src=\"http:\/\/eret-tortechnik.de\/wp-content\/uploads\/2014\/11\/IMG_1627-Bearbeitet-276x300.jpg\" alt=\"PSE-M Aluminium-Ausf\u00fchrung, in der Lebensmittelproduktion\" width=\"276\" height=\"300\" \/><\/a> PSE-M Aluminium-Ausf\u00fchrung, in der Lebensmittelproduktion[\/caption]\r\n\r\nBei Anordnung von Schnelllauftoren als Schleusen stehen im Wesentlichen 2 verschiedene Arbeitsweisen zur Verf\u00fcgung:\r\n<ul>\r\n \t<li>Gegenseitige Verriegelung: Dies ist die einfache Variante. Nur bedingt f\u00fcr Fahrzeug und Personenverkehr geeignet. Anwendung findet die Verriegelung meist nur bei sog. Materialschleusen. Durch eine \u00d6ffnung wird Material in der Schleuse abgestellt, durch die andere \u00d6ffnung wird es entnommen. Es soll lediglich sichergestellt sein, da\u00df niemals beide Tore gleichzeitig ge\u00f6ffnet sind. Es werden also lediglich 2 Schnelllauftore gegenseitig verriegelt. Das \u00d6ffnen des einen Tores verhindert, da\u00df ein anderes Tor ge\u00f6ffnet werden kann. Die Ausl\u00f6sung des anderen Tores erfolgt manuell.<\/li>\r\n \t<li>Schleusensteuerung: F\u00fcr Fahrzeug und Personendurchgang. Zun\u00e4chst wird durch das \u00d6ffnen des einen Tores das andere Tor blockiert. Nach Schlie\u00dfen des ersten Tores wird automatisch ein \u00d6ffnungsimpuls an das andere Tor gegeben und das Fahrzeug\/die Person kann die Schleuse ohne weitere Aktion verlassen. Schleusensteuerungen funktionieren sowohl im Einbahn-Verkehr als auch in wechselnder Verkehrsrichtung.<\/li>\r\n<\/ul>\r\n<div>Sofern die Anordnung der Schleusen-Tore einen geschlossenen Tunnel ergibt und die Schleuse von Personen benutzt \u00a0wird, ist zwingend eine Fluchtm\u00f6glichkeit vorzusehen. Dies kann entweder dadurch erfolgen, da\u00df eines der beiden Tore als sog. Fluchtwegtor ausgestattet ist, oder da\u00df eine Fluchtt\u00fcre unabh\u00e4ngig von den Toren angebracht wird.<\/div>\r\nIn einer Schleuse k\u00f6nnen alle Bauformen von Schnelllauftoren eingesetzt werden. Auch eine Kombination aus Alu-Schnelllauftor ASE als Au\u00dfenabschluss und ein Innen-Schnelllauftor PSE\u00a0\u00a0ist vorstellbar bzw. \u00fcblich.\r\n\r\nF\u00fcr den Automatikbetrieb k\u00f6nnen alle g\u00e4ngigen Impulsgeber wie Bewegungsmelder, Induktionschleifen, Zugseilschalter usw. angeschlossen werden.\r\n\r\nDa die Toranlagen zumeist selbstt\u00e4tig zulaufen, empfiehlt sich der Einsatz einer Raum\u00fcberwachung als Personen- und Sachschutz.\r\n\r\nAuf Wunsch stehen zahlreiche Zusatzausstattungen zur Verf\u00fcgung. So k\u00f6nnen die Tore genau an die jeweiligen Gegebenheiten angepasst werden.\r\n<h2>Details im \u00dcberblick:<\/h2>\r\n<img class=\"alignleft wp-image-701\" src=\"http:\/\/eret-tortechnik.de\/wp-content\/uploads\/2014\/06\/IMG_8501-2.jpg\" alt=\"IMG_8501-2\" width=\"392\" height=\"261\" \/>\r\n<table>\r\n<tbody>\r\n<tr>\r\n<td>Laufgeschwindigkeit (\u00d6ffnen)<\/td>\r\n<td>0,5-2,5 Meter pro Sekunde<\/td>\r\n<\/tr>\r\n<tr>\r\n<td>Laufgeschwindigkeit (Schlie\u00dfen)<\/td>\r\n<td style=\"text-align: center;\">0,8 Meter pro Sekunde<\/td>\r\n<\/tr>\r\n<tr>\r\n<td>Freitragende Torkonstruktion. Nicht h\u00e4ngend.<\/td>\r\n<td><\/td>\r\n<\/tr>\r\n<tr>\r\n<td>Lichtgitter als Absicherung bis H 2500 mm<\/td>\r\n<td><\/td>\r\n<\/tr>\r\n<tr>\r\n<td>Sichtfenster auf voller Torbreite<\/td>\r\n<td><\/td>\r\n<\/tr>\r\n<tr>\r\n<td>Torbehang lieferbar in diversen Farben oder bedruckt<\/td>\r\n<td><\/td>\r\n<\/tr>\r\n<tr>\r\n<td>Gegenseitige Verriegelung von 2 Toren<\/td>\r\n<td><\/td>\r\n<\/tr>\r\n<tr>\r\n<td>Schleusenfunktion automatisch mit Weitergabe-Impuls<\/td>\r\n<td><\/td>\r\n<\/tr>\r\n<tr>\r\n<td>Sturm-Rollen bei Au\u00dfentoren<\/td>\r\n<td><\/td>\r\n<\/tr>\r\n<tr>\r\n<td>Erf\u00fcllt die strengen Normen nach EN 13241-1 und Windlast Klasse 3<\/td>\r\n<td><\/td>\r\n<\/tr>\r\n<tr>\r\n<td>Raum\u00fcberwachung als Personen u. Sachschutz<\/td>\r\n<td style=\"text-align: center;\">optional<\/td>\r\n<\/tr>\r\n<tr>\r\n<td>Kontaktleiste mit Funk\u00fcbertragung, ohne Spiralkabel<\/td>\r\n<td style=\"text-align: center;\">optional<\/td>\r\n<\/tr>\r\n<tr>\r\n<td>Federkraft-Anti-Crash<\/td>\r\n<td style=\"text-align: center;\">optional<\/td>\r\n<\/tr>\r\n<tr>\r\n<td>Schleusen-Tunel aus flexiblem Tormaterial oder Iso-Paneel<\/td>\r\n<td style=\"text-align: center;\">optional<\/td>\r\n<\/tr>\r\n<\/tbody>\r\n<\/table>\r\n<h6 style=\"text-align: center;\"><\/h6>","_et_gb_content_width":"","footnotes":""},"acf":[],"yoast_head":"<!-- This site is optimized with the Yoast SEO plugin v23.5 - https:\/\/yoast.com\/wordpress\/plugins\/seo\/ -->\n<title>Schleusentore - ProLine und AluLine Schnelllauftore<\/title>\n<meta name=\"robots\" content=\"index, follow, max-snippet:-1, max-image-preview:large, max-video-preview:-1\" \/>\n<link rel=\"canonical\" href=\"https:\/\/eret-tortechnik.de\/en\/anwendungsgebiete_schnelllauftore\/schleusentore\/\" \/>\n<meta property=\"og:locale\" content=\"en_GB\" \/>\n<meta property=\"og:type\" content=\"article\" \/>\n<meta property=\"og:title\" content=\"Schleusentore - ProLine und AluLine Schnelllauftore\" \/>\n<meta property=\"og:description\" content=\"\u00a0Schnelllauftor \u00a0- \u00a0Schleusen Bei Anordnung von Schnelllauftoren als Schleusen stehen im Wesentlichen 2 verschiedene Arbeitsweisen zur Verf\u00fcgung: Gegenseitige Verriegelung: Dies ist die einfache Variante. Nur bedingt f\u00fcr Fahrzeug und Personenverkehr geeignet. Anwendung findet die Verriegelung meist nur bei sog. Materialschleusen. Durch eine \u00d6ffnung wird Material in der Schleuse abgestellt, durch die andere \u00d6ffnung wird es [&hellip;]\" \/>\n<meta property=\"og:url\" content=\"https:\/\/eret-tortechnik.de\/en\/anwendungsgebiete_schnelllauftore\/schleusentore\/\" \/>\n<meta property=\"og:site_name\" content=\"ProLine und AluLine Schnelllauftore\" \/>\n<meta property=\"article:publisher\" content=\"https:\/\/www.facebook.com\/SchwaebischeTormanufaktur\" \/>\n<meta property=\"article:modified_time\" content=\"2021-03-04T10:33:58+00:00\" \/>\n<meta property=\"og:image\" content=\"http:\/\/eret-tortechnik.de\/wp-content\/uploads\/2014\/11\/IMG_1627-Bearbeitet-276x300.jpg\" \/>\n<meta name=\"twitter:card\" content=\"summary_large_image\" \/>\n<meta name=\"twitter:label1\" content=\"Estimated reading time\" \/>\n\t<meta name=\"twitter:data1\" content=\"2 minutes\" \/>\n<script type=\"application\/ld+json\" class=\"yoast-schema-graph\">{\"@context\":\"https:\/\/schema.org\",\"@graph\":[{\"@type\":\"WebPage\",\"@id\":\"https:\/\/eret-tortechnik.de\/anwendungsgebiete_schnelllauftore\/schleusentore\/\",\"url\":\"https:\/\/eret-tortechnik.de\/anwendungsgebiete_schnelllauftore\/schleusentore\/\",\"name\":\"Schleusentore - ProLine und AluLine Schnelllauftore\",\"isPartOf\":{\"@id\":\"https:\/\/eret-tortechnik.de\/#website\"},\"primaryImageOfPage\":{\"@id\":\"https:\/\/eret-tortechnik.de\/anwendungsgebiete_schnelllauftore\/schleusentore\/#primaryimage\"},\"image\":{\"@id\":\"https:\/\/eret-tortechnik.de\/anwendungsgebiete_schnelllauftore\/schleusentore\/#primaryimage\"},\"thumbnailUrl\":\"http:\/\/eret-tortechnik.de\/wp-content\/uploads\/2014\/11\/IMG_1627-Bearbeitet-276x300.jpg\",\"datePublished\":\"2014-07-30T17:55:11+00:00\",\"dateModified\":\"2021-03-04T10:33:58+00:00\",\"breadcrumb\":{\"@id\":\"https:\/\/eret-tortechnik.de\/anwendungsgebiete_schnelllauftore\/schleusentore\/#breadcrumb\"},\"inLanguage\":\"en-GB\",\"potentialAction\":[{\"@type\":\"ReadAction\",\"target\":[\"https:\/\/eret-tortechnik.de\/anwendungsgebiete_schnelllauftore\/schleusentore\/\"]}]},{\"@type\":\"ImageObject\",\"inLanguage\":\"en-GB\",\"@id\":\"https:\/\/eret-tortechnik.de\/anwendungsgebiete_schnelllauftore\/schleusentore\/#primaryimage\",\"url\":\"http:\/\/eret-tortechnik.de\/wp-content\/uploads\/2014\/11\/IMG_1627-Bearbeitet-276x300.jpg\",\"contentUrl\":\"http:\/\/eret-tortechnik.de\/wp-content\/uploads\/2014\/11\/IMG_1627-Bearbeitet-276x300.jpg\"},{\"@type\":\"BreadcrumbList\",\"@id\":\"https:\/\/eret-tortechnik.de\/anwendungsgebiete_schnelllauftore\/schleusentore\/#breadcrumb\",\"itemListElement\":[{\"@type\":\"ListItem\",\"position\":1,\"name\":\"Startseite\",\"item\":\"https:\/\/eret-tortechnik.de\/\"},{\"@type\":\"ListItem\",\"position\":2,\"name\":\"Anwendungsgebiete\",\"item\":\"https:\/\/eret-tortechnik.de\/anwendungsgebiete_schnelllauftore\/\"},{\"@type\":\"ListItem\",\"position\":3,\"name\":\"Schleusentore\"}]},{\"@type\":\"WebSite\",\"@id\":\"https:\/\/eret-tortechnik.de\/#website\",\"url\":\"https:\/\/eret-tortechnik.de\/\",\"name\":\"ProLine und AluLine Schnelllauftore\",\"description\":\"Alu-Schnelllauftore  |  flexible Schnelllauftore  |  Design Rolltore  |  individueller Torbau\",\"publisher\":{\"@id\":\"https:\/\/eret-tortechnik.de\/#organization\"},\"potentialAction\":[{\"@type\":\"SearchAction\",\"target\":{\"@type\":\"EntryPoint\",\"urlTemplate\":\"https:\/\/eret-tortechnik.de\/?s={search_term_string}\"},\"query-input\":{\"@type\":\"PropertyValueSpecification\",\"valueRequired\":true,\"valueName\":\"search_term_string\"}}],\"inLanguage\":\"en-GB\"},{\"@type\":\"Organization\",\"@id\":\"https:\/\/eret-tortechnik.de\/#organization\",\"name\":\"ERET-Tortechnik GmbH - Schnelllauftore\",\"url\":\"https:\/\/eret-tortechnik.de\/\",\"logo\":{\"@type\":\"ImageObject\",\"inLanguage\":\"en-GB\",\"@id\":\"https:\/\/eret-tortechnik.de\/#\/schema\/logo\/image\/\",\"url\":\"https:\/\/eret-tortechnik.de\/wp-content\/uploads\/2020\/12\/cropped-eret-logo-500-min.jpg\",\"contentUrl\":\"https:\/\/eret-tortechnik.de\/wp-content\/uploads\/2020\/12\/cropped-eret-logo-500-min.jpg\",\"width\":512,\"height\":512,\"caption\":\"ERET-Tortechnik GmbH - Schnelllauftore\"},\"image\":{\"@id\":\"https:\/\/eret-tortechnik.de\/#\/schema\/logo\/image\/\"},\"sameAs\":[\"https:\/\/www.facebook.com\/SchwaebischeTormanufaktur\"]}]}<\/script>\n<!-- \/ Yoast SEO plugin. -->","yoast_head_json":{"title":"Schleusentore - ProLine und AluLine Schnelllauftore","robots":{"index":"index","follow":"follow","max-snippet":"max-snippet:-1","max-image-preview":"max-image-preview:large","max-video-preview":"max-video-preview:-1"},"canonical":"https:\/\/eret-tortechnik.de\/en\/anwendungsgebiete_schnelllauftore\/schleusentore\/","og_locale":"en_GB","og_type":"article","og_title":"Schleusentore - ProLine und AluLine Schnelllauftore","og_description":"\u00a0Schnelllauftor \u00a0- \u00a0Schleusen Bei Anordnung von Schnelllauftoren als Schleusen stehen im Wesentlichen 2 verschiedene Arbeitsweisen zur Verf\u00fcgung: Gegenseitige Verriegelung: Dies ist die einfache Variante. Nur bedingt f\u00fcr Fahrzeug und Personenverkehr geeignet. Anwendung findet die Verriegelung meist nur bei sog. Materialschleusen. Durch eine \u00d6ffnung wird Material in der Schleuse abgestellt, durch die andere \u00d6ffnung wird es [&hellip;]","og_url":"https:\/\/eret-tortechnik.de\/en\/anwendungsgebiete_schnelllauftore\/schleusentore\/","og_site_name":"ProLine und AluLine Schnelllauftore","article_publisher":"https:\/\/www.facebook.com\/SchwaebischeTormanufaktur","article_modified_time":"2021-03-04T10:33:58+00:00","og_image":[{"url":"http:\/\/eret-tortechnik.de\/wp-content\/uploads\/2014\/11\/IMG_1627-Bearbeitet-276x300.jpg"}],"twitter_card":"summary_large_image","twitter_misc":{"Estimated reading time":"2 minutes"},"schema":{"@context":"https:\/\/schema.org","@graph":[{"@type":"WebPage","@id":"https:\/\/eret-tortechnik.de\/anwendungsgebiete_schnelllauftore\/schleusentore\/","url":"https:\/\/eret-tortechnik.de\/anwendungsgebiete_schnelllauftore\/schleusentore\/","name":"Schleusentore - ProLine und AluLine Schnelllauftore","isPartOf":{"@id":"https:\/\/eret-tortechnik.de\/#website"},"primaryImageOfPage":{"@id":"https:\/\/eret-tortechnik.de\/anwendungsgebiete_schnelllauftore\/schleusentore\/#primaryimage"},"image":{"@id":"https:\/\/eret-tortechnik.de\/anwendungsgebiete_schnelllauftore\/schleusentore\/#primaryimage"},"thumbnailUrl":"http:\/\/eret-tortechnik.de\/wp-content\/uploads\/2014\/11\/IMG_1627-Bearbeitet-276x300.jpg","datePublished":"2014-07-30T17:55:11+00:00","dateModified":"2021-03-04T10:33:58+00:00","breadcrumb":{"@id":"https:\/\/eret-tortechnik.de\/anwendungsgebiete_schnelllauftore\/schleusentore\/#breadcrumb"},"inLanguage":"en-GB","potentialAction":[{"@type":"ReadAction","target":["https:\/\/eret-tortechnik.de\/anwendungsgebiete_schnelllauftore\/schleusentore\/"]}]},{"@type":"ImageObject","inLanguage":"en-GB","@id":"https:\/\/eret-tortechnik.de\/anwendungsgebiete_schnelllauftore\/schleusentore\/#primaryimage","url":"http:\/\/eret-tortechnik.de\/wp-content\/uploads\/2014\/11\/IMG_1627-Bearbeitet-276x300.jpg","contentUrl":"http:\/\/eret-tortechnik.de\/wp-content\/uploads\/2014\/11\/IMG_1627-Bearbeitet-276x300.jpg"},{"@type":"BreadcrumbList","@id":"https:\/\/eret-tortechnik.de\/anwendungsgebiete_schnelllauftore\/schleusentore\/#breadcrumb","itemListElement":[{"@type":"ListItem","position":1,"name":"Startseite","item":"https:\/\/eret-tortechnik.de\/"},{"@type":"ListItem","position":2,"name":"Anwendungsgebiete","item":"https:\/\/eret-tortechnik.de\/anwendungsgebiete_schnelllauftore\/"},{"@type":"ListItem","position":3,"name":"Schleusentore"}]},{"@type":"WebSite","@id":"https:\/\/eret-tortechnik.de\/#website","url":"https:\/\/eret-tortechnik.de\/","name":"ProLine und AluLine Schnelllauftore","description":"Alu-Schnelllauftore  |  flexible Schnelllauftore  |  Design Rolltore  |  individueller Torbau","publisher":{"@id":"https:\/\/eret-tortechnik.de\/#organization"},"potentialAction":[{"@type":"SearchAction","target":{"@type":"EntryPoint","urlTemplate":"https:\/\/eret-tortechnik.de\/?s={search_term_string}"},"query-input":{"@type":"PropertyValueSpecification","valueRequired":true,"valueName":"search_term_string"}}],"inLanguage":"en-GB"},{"@type":"Organization","@id":"https:\/\/eret-tortechnik.de\/#organization","name":"ERET-Tortechnik GmbH - Schnelllauftore","url":"https:\/\/eret-tortechnik.de\/","logo":{"@type":"ImageObject","inLanguage":"en-GB","@id":"https:\/\/eret-tortechnik.de\/#\/schema\/logo\/image\/","url":"https:\/\/eret-tortechnik.de\/wp-content\/uploads\/2020\/12\/cropped-eret-logo-500-min.jpg","contentUrl":"https:\/\/eret-tortechnik.de\/wp-content\/uploads\/2020\/12\/cropped-eret-logo-500-min.jpg","width":512,"height":512,"caption":"ERET-Tortechnik GmbH - Schnelllauftore"},"image":{"@id":"https:\/\/eret-tortechnik.de\/#\/schema\/logo\/image\/"},"sameAs":["https:\/\/www.facebook.com\/SchwaebischeTormanufaktur"]}]}},"_links":{"self":[{"href":"https:\/\/eret-tortechnik.de\/en\/wp-json\/wp\/v2\/pages\/851"}],"collection":[{"href":"https:\/\/eret-tortechnik.de\/en\/wp-json\/wp\/v2\/pages"}],"about":[{"href":"https:\/\/eret-tortechnik.de\/en\/wp-json\/wp\/v2\/types\/page"}],"author":[{"embeddable":true,"href":"https:\/\/eret-tortechnik.de\/en\/wp-json\/wp\/v2\/users\/2"}],"replies":[{"embeddable":true,"href":"https:\/\/eret-tortechnik.de\/en\/wp-json\/wp\/v2\/comments?post=851"}],"version-history":[{"count":0,"href":"https:\/\/eret-tortechnik.de\/en\/wp-json\/wp\/v2\/pages\/851\/revisions"}],"up":[{"embeddable":true,"href":"https:\/\/eret-tortechnik.de\/en\/wp-json\/wp\/v2\/pages\/825"}],"wp:attachment":[{"href":"https:\/\/eret-tortechnik.de\/en\/wp-json\/wp\/v2\/media?parent=851"}],"curies":[{"name":"wp","href":"https:\/\/api.w.org\/{rel}","templated":true}]}}